{"id":6984,"date":"2025-08-03T13:54:00","date_gmt":"2025-08-03T10:54:00","guid":{"rendered":"https:\/\/grandezza.fi\/fleet\/28-dc\/"},"modified":"2025-12-16T10:57:13","modified_gmt":"2025-12-16T08:57:13","slug":"28-dc","status":"publish","type":"product","link":"https:\/\/grandezza.fi\/sv\/fleet\/28-dc\/","title":{"rendered":"28 DC"},"content":{"rendered":"<div id=\"Yleiskatsaus\" class=\"TextFiftyFifty wrap my-8 lg:my-16\">\n    <div class=\"flex flex-col lg:flex-row\">\n                    <div class=\"w-full lg:w-1\/2\">\n                                    <div class=\"Title h2 font-normal mb-6 lg:mb-0 w-10\/12\">Sportig komfort<\/div>\n                            <\/div>\n                    <div class=\"w-full lg:w-1\/2\">\n                                    <div class=\"Text p text-custom-dark\"><p>Grandezza 28 DC \u00e4r en modern sportcruiser d\u00e4r allt handlar om precision i b\u00e5de design och prestanda. En \u00f6ppen layout ger dig m\u00f6jlighet att fullt ut njuta av solskenet och b\u00e5tens fartfyllda karakt\u00e4r medan den eleganta kabinen finns i den lugna och avkopplande milj\u00f6n p\u00e5 nedre d\u00e4ck.<\/p>\n<\/div>\n                            <\/div>\n            <\/div>\n<\/div>\n\n\n<div class=\"Image flex my-12 w-full wrap_xl\" >\n    <picture class=\"w-full \">\n        \n        <source\n            srcset=\"\n                                            https:\/\/finnmaster.fi\/app\/uploads\/sites\/4\/2024\/03\/Grandezza-28DC_side-1-150x150.png 150w,\n                                            https:\/\/finnmaster.fi\/app\/uploads\/sites\/4\/2024\/03\/Grandezza-28DC_side-1-300x169.png 300w,\n                                            https:\/\/finnmaster.fi\/app\/uploads\/sites\/4\/2024\/03\/Grandezza-28DC_side-1-768x431.png 768w,\n                                            https:\/\/finnmaster.fi\/app\/uploads\/sites\/4\/2024\/03\/Grandezza-28DC_side-1-1024x575.png 1024w,\n                                            https:\/\/finnmaster.fi\/app\/uploads\/sites\/4\/2024\/03\/Grandezza-28DC_side-1.png 1280w,\n                                            https:\/\/finnmaster.fi\/app\/uploads\/sites\/4\/2024\/03\/Grandezza-28DC_side-1.png 1280w,\n                                    \"\n        \/>\n        <img decoding=\"async\" class=\"lg:w-7\/12 mx-auto object-cover\" src=\"https:\/\/finnmaster.fi\/app\/uploads\/sites\/4\/2024\/03\/Grandezza-28DC_side-1.png\" alt=\"\" \/>\n    <\/picture>\n<\/div>\n\n\n<div class=\"ThreeImages flex my-20 mt-40\" >\n    <div class=\"threeImage-swiper mx-auto relative overflow-hidden\">\n        <div class=\"swiper-wrapper !h-auto\">\n\n                            <div class=\"swiper-slide\">\n                        <a href=\"https:\/\/finnmaster.fi\/app\/uploads\/sites\/4\/2024\/03\/28_DSC_7714-1-scaled.jpg\">\n                            <picture class=\"w-full \">\n                                \n                                <source\n                                    srcset=\"\n                                                                                            https:\/\/finnmaster.fi\/app\/uploads\/sites\/4\/2024\/03\/28_DSC_7714-1-150x150.jpg 150w,\n                                                                                            https:\/\/finnmaster.fi\/app\/uploads\/sites\/4\/2024\/03\/28_DSC_7714-1-300x209.jpg 300w,\n                                                                                            https:\/\/finnmaster.fi\/app\/uploads\/sites\/4\/2024\/03\/28_DSC_7714-1-768x535.jpg 768w,\n                                                                                            https:\/\/finnmaster.fi\/app\/uploads\/sites\/4\/2024\/03\/28_DSC_7714-1-1024x713.jpg 1024w,\n                                                                                            https:\/\/finnmaster.fi\/app\/uploads\/sites\/4\/2024\/03\/28_DSC_7714-1-1536x1069.jpg 1536w,\n                                                                                            https:\/\/finnmaster.fi\/app\/uploads\/sites\/4\/2024\/03\/28_DSC_7714-1-2048x1426.jpg 2048w,\n                                                                                    \"\n                                \/>\n                                <img decoding=\"async\" class=\"aspect-square w-full object-cover\" src=\"https:\/\/finnmaster.fi\/app\/uploads\/sites\/4\/2024\/03\/28_DSC_7714-1-scaled.jpg\" alt=\"\" \/>\n                            <\/picture>\n                        <\/a>\n                <\/div>\n                            <div class=\"swiper-slide\">\n                        <a href=\"https:\/\/finnmaster.fi\/app\/uploads\/sites\/4\/2024\/03\/28_kabiini-kopio-2.jpg\">\n                            <picture class=\"w-full \">\n                                \n                                <source\n                                    srcset=\"\n                                                                                            https:\/\/finnmaster.fi\/app\/uploads\/sites\/4\/2024\/03\/28_kabiini-kopio-2-150x150.jpg 150w,\n                                                                                            https:\/\/finnmaster.fi\/app\/uploads\/sites\/4\/2024\/03\/28_kabiini-kopio-2-300x183.jpg 300w,\n                                                                                            https:\/\/finnmaster.fi\/app\/uploads\/sites\/4\/2024\/03\/28_kabiini-kopio-2-768x468.jpg 768w,\n                                                                                            https:\/\/finnmaster.fi\/app\/uploads\/sites\/4\/2024\/03\/28_kabiini-kopio-2-1024x624.jpg 1024w,\n                                                                                            https:\/\/finnmaster.fi\/app\/uploads\/sites\/4\/2024\/03\/28_kabiini-kopio-2.jpg 1280w,\n                                                                                            https:\/\/finnmaster.fi\/app\/uploads\/sites\/4\/2024\/03\/28_kabiini-kopio-2.jpg 1280w,\n                                                                                    \"\n                                \/>\n                                <img decoding=\"async\" class=\"aspect-square w-full object-cover\" src=\"https:\/\/finnmaster.fi\/app\/uploads\/sites\/4\/2024\/03\/28_kabiini-kopio-2.jpg\" alt=\"\" \/>\n                            <\/picture>\n                        <\/a>\n                <\/div>\n                            <div class=\"swiper-slide\">\n                        <a href=\"https:\/\/finnmaster.fi\/app\/uploads\/sites\/4\/2024\/03\/Grandezza-28-DC_4F1A0113-2048x1365-1-1.jpg\">\n                            <picture class=\"w-full \">\n                                \n                                <source\n                                    srcset=\"\n                                                                                            https:\/\/finnmaster.fi\/app\/uploads\/sites\/4\/2024\/03\/Grandezza-28-DC_4F1A0113-2048x1365-1-1-150x150.jpg 150w,\n                                                                                            https:\/\/finnmaster.fi\/app\/uploads\/sites\/4\/2024\/03\/Grandezza-28-DC_4F1A0113-2048x1365-1-1-300x200.jpg 300w,\n                                                                                            https:\/\/finnmaster.fi\/app\/uploads\/sites\/4\/2024\/03\/Grandezza-28-DC_4F1A0113-2048x1365-1-1-768x512.jpg 768w,\n                                                                                            https:\/\/finnmaster.fi\/app\/uploads\/sites\/4\/2024\/03\/Grandezza-28-DC_4F1A0113-2048x1365-1-1-1024x683.jpg 1024w,\n                                                                                            https:\/\/finnmaster.fi\/app\/uploads\/sites\/4\/2024\/03\/Grandezza-28-DC_4F1A0113-2048x1365-1-1-1536x1024.jpg 1536w,\n                                                                                            https:\/\/finnmaster.fi\/app\/uploads\/sites\/4\/2024\/03\/Grandezza-28-DC_4F1A0113-2048x1365-1-1.jpg 2048w,\n                                                                                    \"\n                                \/>\n                                <img decoding=\"async\" class=\"aspect-square w-full object-cover\" src=\"https:\/\/finnmaster.fi\/app\/uploads\/sites\/4\/2024\/03\/Grandezza-28-DC_4F1A0113-2048x1365-1-1.jpg\" alt=\"\" \/>\n                            <\/picture>\n                        <\/a>\n                <\/div>\n            \n        <\/div>\n\n\n    <\/div>\n<\/div>\n\n<div class=\"w-11\/12 mx-auto relative mb-36 lg:mb-0\">\n    <div         class=\"!w-[calc(50%+1rem)] swiper-button-prev after:!content-none !justify-start   !text-white bg-custom-dark pl-8 md:-mr-6 hover:bg-custom-orange transition-colors\"\n        style=\"\n        clip-path:polygon(0 0,100% 0,100% calc(100% - 57px),0 100%);\n        -webkit-clip-path: polygon(0 0,100% 0,calc(100% - 57px) 100%,0 100%);\"\n    ><svg xmlns=\"http:\/\/www.w3.org\/2000\/svg\" fill=\"none\" viewBox=\"0 0 24 24\" stroke-width=\"1.5\" stroke=\"currentColor\" class=\"w-8 h-8\">\n  <path stroke-linecap=\"round\" stroke-linejoin=\"round\" d=\"M6.75 15.75 3 12m0 0 3.75-3.75M3 12h18\" \/>\n<\/svg>\n<\/div>\n\n    <div         class=\"!w-[calc(50%+1rem)] swiper-button-next after:!content-none !justify-end  !text-white bg-custom-dark pr-8 hover:bg-custom-orange transition-colors\"\n        style=\"\n            clip-path:polygon(57px 0,100% 0,100% 100%,0 100%);\n            -webkit-clip-path: polygon(57px 0,100% 0,100% 100%,0 100%);\"\n    ><svg xmlns=\"http:\/\/www.w3.org\/2000\/svg\" fill=\"none\" viewBox=\"0 0 24 24\" stroke-width=\"1.5\" stroke=\"currentColor\" class=\"w-8 h-8\">\n  <path stroke-linecap=\"round\" stroke-linejoin=\"round\" d=\"M17.25 8.25 21 12m0 0-3.75 3.75M21 12H3\" \/>\n<\/svg>\n<\/div>\n<\/div>\n\n\n<div  class=\"TextFiftyFifty wrap my-8 lg:my-16\">\n    <div class=\"flex flex-col lg:flex-row\">\n                    <div class=\"w-full lg:w-1\/2\">\n                                    <div class=\"Title h2 font-normal mb-6 lg:mb-0 w-10\/12\">Sv\u00e5rslagen k\u00f6rgl\u00e4dje<\/div>\n                            <\/div>\n                    <div class=\"w-full lg:w-1\/2\">\n                                    <div class=\"Text p text-custom-dark\"><p>Kraftfull prestanda och genuin k\u00f6rk\u00e4nsla lyfter b\u00e5tupplevelsen till en helt ny niv\u00e5.<\/p>\n<\/div>\n                            <\/div>\n            <\/div>\n<\/div>\n\n\n<div  class=\"TextFiftyFifty wrap my-8 lg:my-16\">\n    <div class=\"flex flex-col lg:flex-row\">\n                    <div class=\"w-full lg:w-1\/2\">\n                                    <div class=\"Title h2 font-normal mb-6 lg:mb-0 w-10\/12\">Upplev b\u00e5tlivet<\/div>\n                            <\/div>\n                    <div class=\"w-full lg:w-1\/2\">\n                                    <div class=\"Text p text-custom-dark\"><p>En imponerande stor sittbrunn \u00e4r skapad f\u00f6r minnesv\u00e4rda stunder under solen och stj\u00e4rnorna.<\/p>\n<\/div>\n                            <\/div>\n            <\/div>\n<\/div>\n\n\n<div  class=\"TextFiftyFifty wrap my-8 lg:my-16\">\n    <div class=\"flex flex-col lg:flex-row\">\n                    <div class=\"w-full lg:w-1\/2\">\n                                    <div class=\"Title h2 font-normal mb-6 lg:mb-0 w-10\/12\">Kaptenens dr\u00f6m<\/div>\n                            <\/div>\n                    <div class=\"w-full lg:w-1\/2\">\n                                    <div class=\"Text p text-custom-dark\"><p>Ergonomiskt utformade styrplatsen \u00e4r l\u00e4tt\u00f6versk\u00e5dlig och erbjuder full sikt \u00e5t alla h\u00e5ll.<\/p>\n<\/div>\n                            <\/div>\n            <\/div>\n<\/div>\n","protected":false},"parent":0,"menu_order":10,"template":"","product-type":[36],"class_list":["post-6984","product","type-product","status-publish","hentry","product-type-25-s"],"acf":[],"_links":{"self":[{"href":"https:\/\/grandezza.fi\/sv\/wp-json\/wp\/v2\/product\/6984","targetHints":{"allow":["GET"]}}],"collection":[{"href":"https:\/\/grandezza.fi\/sv\/wp-json\/wp\/v2\/product"}],"about":[{"href":"https:\/\/grandezza.fi\/sv\/wp-json\/wp\/v2\/types\/product"}],"wp:attachment":[{"href":"https:\/\/grandezza.fi\/sv\/wp-json\/wp\/v2\/media?parent=6984"}],"wp:term":[{"taxonomy":"product-type","embeddable":true,"href":"https:\/\/grandezza.fi\/sv\/wp-json\/wp\/v2\/product-type?post=6984"}],"curies":[{"name":"wp","href":"https:\/\/api.w.org\/{rel}","templated":true}]}}