{"id":13064,"date":"2025-07-28T09:04:39","date_gmt":"2025-07-28T06:04:39","guid":{"rendered":"https:\/\/grandezza.fi\/?post_type=product&#038;p=13064"},"modified":"2026-05-04T14:06:36","modified_gmt":"2026-05-04T11:06:36","slug":"37-outboard","status":"publish","type":"product","link":"https:\/\/grandezza.fi\/sv\/fleet\/37-outboard\/","title":{"rendered":"37 Outboard"},"content":{"rendered":"<div id=\"Yleiskatsaus\" class=\"TextFiftyFifty wrap my-8 lg:my-16\">\n    <div class=\"flex flex-col lg:flex-row\">\n                    <div class=\"w-full lg:w-1\/2\">\n                                    <div class=\"Title h2 font-normal mb-6 lg:mb-0 w-10\/12\">Den nya standarden inom lyxb\u00e5t<\/div>\n                            <\/div>\n                    <div class=\"w-full lg:w-1\/2\">\n                                    <div class=\"Text p text-custom-dark\"><p>Grandezza 37 Outboard, ett m\u00e4sterverk inom modern design, erbjuder o\u00f6vertr\u00e4ffad komfort och elegans. Rymliga interi\u00f6rer, en m\u00e5ngsidig utrustningsniv\u00e5 och kraftfulla Mercury utombordsmotoralternativ g\u00f6r 37 OB till en ny standard inom lyxb\u00e5t.<\/p>\n<\/div>\n                            <\/div>\n            <\/div>\n<\/div>\n\n\n<div class=\"Image flex my-12 w-full wrap_xl\" >\n    <picture class=\"w-full \">\n        \n        <source\n            srcset=\"\n                                            https:\/\/finnmaster.fi\/app\/uploads\/sites\/4\/2025\/04\/Grandezza-37OB_side-150x150.png 150w,\n                                            https:\/\/finnmaster.fi\/app\/uploads\/sites\/4\/2025\/04\/Grandezza-37OB_side-300x169.png 300w,\n                                            https:\/\/finnmaster.fi\/app\/uploads\/sites\/4\/2025\/04\/Grandezza-37OB_side-768x431.png 768w,\n                                            https:\/\/finnmaster.fi\/app\/uploads\/sites\/4\/2025\/04\/Grandezza-37OB_side-1024x575.png 1024w,\n                                            https:\/\/finnmaster.fi\/app\/uploads\/sites\/4\/2025\/04\/Grandezza-37OB_side.png 1280w,\n                                            https:\/\/finnmaster.fi\/app\/uploads\/sites\/4\/2025\/04\/Grandezza-37OB_side.png 1280w,\n                                    \"\n        \/>\n        <img decoding=\"async\" class=\"lg:w-7\/12 mx-auto object-cover\" src=\"https:\/\/finnmaster.fi\/app\/uploads\/sites\/4\/2025\/04\/Grandezza-37OB_side.png\" alt=\"\" \/>\n    <\/picture>\n<\/div>\n\n\n<div class=\"ThreeImages flex my-20 mt-40\" >\n    <div class=\"threeImage-swiper mx-auto relative overflow-hidden\">\n        <div class=\"swiper-wrapper !h-auto\">\n\n                            <div class=\"swiper-slide\">\n                        <a href=\"https:\/\/finnmaster.fi\/app\/uploads\/sites\/4\/2025\/04\/1_DSC_5825.jpg\">\n                            <picture class=\"w-full \">\n                                \n                                <source\n                                    srcset=\"\n                                                                                            https:\/\/finnmaster.fi\/app\/uploads\/sites\/4\/2025\/04\/1_DSC_5825-150x150.jpg 150w,\n                                                                                            https:\/\/finnmaster.fi\/app\/uploads\/sites\/4\/2025\/04\/1_DSC_5825-300x200.jpg 300w,\n                                                                                            https:\/\/finnmaster.fi\/app\/uploads\/sites\/4\/2025\/04\/1_DSC_5825-768x512.jpg 768w,\n                                                                                            https:\/\/finnmaster.fi\/app\/uploads\/sites\/4\/2025\/04\/1_DSC_5825-1024x683.jpg 1024w,\n                                                                                            https:\/\/finnmaster.fi\/app\/uploads\/sites\/4\/2025\/04\/1_DSC_5825-1536x1024.jpg 1536w,\n                                                                                            https:\/\/finnmaster.fi\/app\/uploads\/sites\/4\/2025\/04\/1_DSC_5825.jpg 2048w,\n                                                                                    \"\n                                \/>\n                                <img decoding=\"async\" class=\"aspect-square w-full object-cover\" src=\"https:\/\/finnmaster.fi\/app\/uploads\/sites\/4\/2025\/04\/1_DSC_5825.jpg\" alt=\"\" \/>\n                            <\/picture>\n                        <\/a>\n                <\/div>\n                            <div class=\"swiper-slide\">\n                        <a href=\"https:\/\/finnmaster.fi\/app\/uploads\/sites\/4\/2025\/04\/2_DSC_5785.jpg\">\n                            <picture class=\"w-full \">\n                                \n                                <source\n                                    srcset=\"\n                                                                                            https:\/\/finnmaster.fi\/app\/uploads\/sites\/4\/2025\/04\/2_DSC_5785-150x150.jpg 150w,\n                                                                                            https:\/\/finnmaster.fi\/app\/uploads\/sites\/4\/2025\/04\/2_DSC_5785-300x200.jpg 300w,\n                                                                                            https:\/\/finnmaster.fi\/app\/uploads\/sites\/4\/2025\/04\/2_DSC_5785-768x512.jpg 768w,\n                                                                                            https:\/\/finnmaster.fi\/app\/uploads\/sites\/4\/2025\/04\/2_DSC_5785-1024x683.jpg 1024w,\n                                                                                            https:\/\/finnmaster.fi\/app\/uploads\/sites\/4\/2025\/04\/2_DSC_5785-1536x1024.jpg 1536w,\n                                                                                            https:\/\/finnmaster.fi\/app\/uploads\/sites\/4\/2025\/04\/2_DSC_5785.jpg 2048w,\n                                                                                    \"\n                                \/>\n                                <img decoding=\"async\" class=\"aspect-square w-full object-cover\" src=\"https:\/\/finnmaster.fi\/app\/uploads\/sites\/4\/2025\/04\/2_DSC_5785.jpg\" alt=\"\" \/>\n                            <\/picture>\n                        <\/a>\n                <\/div>\n                            <div class=\"swiper-slide\">\n                        <a href=\"https:\/\/finnmaster.fi\/app\/uploads\/sites\/4\/2025\/04\/3_DSC_5858.jpg\">\n                            <picture class=\"w-full \">\n                                \n                                <source\n                                    srcset=\"\n                                                                                            https:\/\/finnmaster.fi\/app\/uploads\/sites\/4\/2025\/04\/3_DSC_5858-150x150.jpg 150w,\n                                                                                            https:\/\/finnmaster.fi\/app\/uploads\/sites\/4\/2025\/04\/3_DSC_5858-300x224.jpg 300w,\n                                                                                            https:\/\/finnmaster.fi\/app\/uploads\/sites\/4\/2025\/04\/3_DSC_5858-768x574.jpg 768w,\n                                                                                            https:\/\/finnmaster.fi\/app\/uploads\/sites\/4\/2025\/04\/3_DSC_5858-1024x765.jpg 1024w,\n                                                                                            https:\/\/finnmaster.fi\/app\/uploads\/sites\/4\/2025\/04\/3_DSC_5858-1536x1148.jpg 1536w,\n                                                                                            https:\/\/finnmaster.fi\/app\/uploads\/sites\/4\/2025\/04\/3_DSC_5858.jpg 2048w,\n                                                                                    \"\n                                \/>\n                                <img decoding=\"async\" class=\"aspect-square w-full object-cover\" src=\"https:\/\/finnmaster.fi\/app\/uploads\/sites\/4\/2025\/04\/3_DSC_5858.jpg\" alt=\"\" \/>\n                            <\/picture>\n                        <\/a>\n                <\/div>\n            \n        <\/div>\n\n\n    <\/div>\n<\/div>\n\n<div class=\"w-11\/12 mx-auto relative mb-36 lg:mb-0\">\n    <div         class=\"!w-[calc(50%+1rem)] swiper-button-prev after:!content-none !justify-start   !text-white bg-custom-dark pl-8 md:-mr-6 hover:bg-custom-orange transition-colors\"\n        style=\"\n        clip-path:polygon(0 0,100% 0,100% calc(100% - 57px),0 100%);\n        -webkit-clip-path: polygon(0 0,100% 0,calc(100% - 57px) 100%,0 100%);\"\n    ><svg xmlns=\"http:\/\/www.w3.org\/2000\/svg\" fill=\"none\" viewBox=\"0 0 24 24\" stroke-width=\"1.5\" stroke=\"currentColor\" class=\"w-8 h-8\">\n  <path stroke-linecap=\"round\" stroke-linejoin=\"round\" d=\"M6.75 15.75 3 12m0 0 3.75-3.75M3 12h18\" \/>\n<\/svg>\n<\/div>\n\n    <div         class=\"!w-[calc(50%+1rem)] swiper-button-next after:!content-none !justify-end  !text-white bg-custom-dark pr-8 hover:bg-custom-orange transition-colors\"\n        style=\"\n            clip-path:polygon(57px 0,100% 0,100% 100%,0 100%);\n            -webkit-clip-path: polygon(57px 0,100% 0,100% 100%,0 100%);\"\n    ><svg xmlns=\"http:\/\/www.w3.org\/2000\/svg\" fill=\"none\" viewBox=\"0 0 24 24\" stroke-width=\"1.5\" stroke=\"currentColor\" class=\"w-8 h-8\">\n  <path stroke-linecap=\"round\" stroke-linejoin=\"round\" d=\"M17.25 8.25 21 12m0 0-3.75 3.75M21 12H3\" \/>\n<\/svg>\n<\/div>\n<\/div>\n\n\n<div  class=\"TextFiftyFifty wrap my-8 lg:my-16\">\n    <div class=\"flex flex-col lg:flex-row\">\n                    <div class=\"w-full lg:w-1\/2\">\n                                    <div class=\"Title h2 font-normal mb-6 lg:mb-0 w-10\/12\">Imponerande prestanda<\/div>\n                            <\/div>\n                    <div class=\"w-full lg:w-1\/2\">\n                                    <div class=\"Text p text-custom-dark\"><p>Upplev sp\u00e4nningen med hastighet och fullst\u00e4ndig kontroll &#8211; det dynamiskt formade skrovet sk\u00e4r smidigt genom v\u00e5gorna och erbjuder en f\u00f6rstklassig \u00e5kupplevelse.<\/p>\n<\/div>\n                            <\/div>\n            <\/div>\n<\/div>\n\n\n<div  class=\"TextFiftyFifty wrap my-8 lg:my-16\">\n    <div class=\"flex flex-col lg:flex-row\">\n                    <div class=\"w-full lg:w-1\/2\">\n                                    <div class=\"Title h2 font-normal mb-6 lg:mb-0 w-10\/12\">Under \u00f6ppen himmel<\/div>\n                            <\/div>\n                    <div class=\"w-full lg:w-1\/2\">\n                                    <div class=\"Text p text-custom-dark\"><p>Salongen och sittbrunnen formar en perfekt m\u00f6tesplats f\u00f6r v\u00e4nner och familj. Njut av s\u00e5v\u00e4l sol som sommarbris genom att \u00f6ppna de b\u00e5da elektriska takluckorna.<\/p>\n<\/div>\n                            <\/div>\n            <\/div>\n<\/div>\n\n\n<div  class=\"TextFiftyFifty wrap my-8 lg:my-16\">\n    <div class=\"flex flex-col lg:flex-row\">\n                    <div class=\"w-full lg:w-1\/2\">\n                                    <div class=\"Title h2 font-normal mb-6 lg:mb-0 w-10\/12\">Allt p\u00e5 r\u00e4tt plats <\/div>\n                            <\/div>\n                    <div class=\"w-full lg:w-1\/2\">\n                                    <div class=\"Text p text-custom-dark\"><p>Den rymliga layouten och praktiska inredningen g\u00f6r livet till sj\u00f6ss okomplicerat och trivsamt.<\/p>\n<\/div>\n                            <\/div>\n            <\/div>\n<\/div>\n","protected":false},"parent":0,"menu_order":50,"template":"","product-type":[36],"class_list":["post-13064","product","type-product","status-publish","hentry","product-type-25-s"],"acf":[],"_links":{"self":[{"href":"https:\/\/grandezza.fi\/sv\/wp-json\/wp\/v2\/product\/13064","targetHints":{"allow":["GET"]}}],"collection":[{"href":"https:\/\/grandezza.fi\/sv\/wp-json\/wp\/v2\/product"}],"about":[{"href":"https:\/\/grandezza.fi\/sv\/wp-json\/wp\/v2\/types\/product"}],"wp:attachment":[{"href":"https:\/\/grandezza.fi\/sv\/wp-json\/wp\/v2\/media?parent=13064"}],"wp:term":[{"taxonomy":"product-type","embeddable":true,"href":"https:\/\/grandezza.fi\/sv\/wp-json\/wp\/v2\/product-type?post=13064"}],"curies":[{"name":"wp","href":"https:\/\/api.w.org\/{rel}","templated":true}]}}