{"id":12243,"date":"2025-07-28T09:04:39","date_gmt":"2025-07-28T06:04:39","guid":{"rendered":"https:\/\/grandezza.fi\/?post_type=product&#038;p=12243"},"modified":"2025-12-10T10:01:43","modified_gmt":"2025-12-10T08:01:43","slug":"37-outboard","status":"publish","type":"product","link":"https:\/\/grandezza.fi\/fi\/fleet\/37-outboard\/","title":{"rendered":"37 Outboard"},"content":{"rendered":"<div id=\"Yleiskatsaus\" class=\"TextFiftyFifty wrap my-8 lg:my-16\">\n    <div class=\"flex flex-col lg:flex-row\">\n                    <div class=\"w-full lg:w-1\/2\">\n                                    <div class=\"Title h2 font-normal mb-6 lg:mb-0 w-10\/12\">Luksusveneilyn uusi standardi<\/div>\n                            <\/div>\n                    <div class=\"w-full lg:w-1\/2\">\n                                    <div class=\"Text p text-custom-dark\"><p>Grandezza 37 Outboard on modernin muotoilun mestariteos tarjoten vertaansa vailla olevaa mukavuutta ja hienostuneisuutta. Tilavat sis\u00e4tilat, monipuolinen varustetaso sek\u00e4 tehokkaat Mercury-per\u00e4moottorivaihtoehdot tekev\u00e4t 37 OB:sta uuden standardin luksusveneilyss\u00e4.<\/p>\n<\/div>\n                            <\/div>\n            <\/div>\n<\/div>\n\n\n<div class=\"Image flex my-12 w-full wrap_xl\" >\n    <picture class=\"w-full \">\n        \n        <source\n            srcset=\"\n                                            https:\/\/finnmaster.fi\/app\/uploads\/sites\/4\/2025\/04\/Grandezza-37OB_side-150x150.png 150w,\n                                            https:\/\/finnmaster.fi\/app\/uploads\/sites\/4\/2025\/04\/Grandezza-37OB_side-300x169.png 300w,\n                                            https:\/\/finnmaster.fi\/app\/uploads\/sites\/4\/2025\/04\/Grandezza-37OB_side-768x431.png 768w,\n                                            https:\/\/finnmaster.fi\/app\/uploads\/sites\/4\/2025\/04\/Grandezza-37OB_side-1024x575.png 1024w,\n                                            https:\/\/finnmaster.fi\/app\/uploads\/sites\/4\/2025\/04\/Grandezza-37OB_side.png 1280w,\n                                            https:\/\/finnmaster.fi\/app\/uploads\/sites\/4\/2025\/04\/Grandezza-37OB_side.png 1280w,\n                                    \"\n        \/>\n        <img decoding=\"async\" class=\"lg:w-7\/12 mx-auto object-cover\" src=\"https:\/\/finnmaster.fi\/app\/uploads\/sites\/4\/2025\/04\/Grandezza-37OB_side.png\" alt=\"\" \/>\n    <\/picture>\n<\/div>\n\n\n<div class=\"ThreeImages flex my-20 mt-40\" >\n    <div class=\"threeImage-swiper mx-auto relative overflow-hidden\">\n        <div class=\"swiper-wrapper !h-auto\">\n\n                            <div class=\"swiper-slide\">\n                        <a href=\"https:\/\/finnmaster.fi\/app\/uploads\/sites\/4\/2025\/04\/1_DSC_5825.jpg\">\n                            <picture class=\"w-full \">\n                                \n                                <source\n                                    srcset=\"\n                                                                                            https:\/\/finnmaster.fi\/app\/uploads\/sites\/4\/2025\/04\/1_DSC_5825-150x150.jpg 150w,\n                                                                                            https:\/\/finnmaster.fi\/app\/uploads\/sites\/4\/2025\/04\/1_DSC_5825-300x200.jpg 300w,\n                                                                                            https:\/\/finnmaster.fi\/app\/uploads\/sites\/4\/2025\/04\/1_DSC_5825-768x512.jpg 768w,\n                                                                                            https:\/\/finnmaster.fi\/app\/uploads\/sites\/4\/2025\/04\/1_DSC_5825-1024x683.jpg 1024w,\n                                                                                            https:\/\/finnmaster.fi\/app\/uploads\/sites\/4\/2025\/04\/1_DSC_5825-1536x1024.jpg 1536w,\n                                                                                            https:\/\/finnmaster.fi\/app\/uploads\/sites\/4\/2025\/04\/1_DSC_5825.jpg 2048w,\n                                                                                    \"\n                                \/>\n                                <img decoding=\"async\" class=\"aspect-square w-full object-cover\" src=\"https:\/\/finnmaster.fi\/app\/uploads\/sites\/4\/2025\/04\/1_DSC_5825.jpg\" alt=\"\" \/>\n                            <\/picture>\n                        <\/a>\n                <\/div>\n                            <div class=\"swiper-slide\">\n                        <a href=\"https:\/\/finnmaster.fi\/app\/uploads\/sites\/4\/2025\/04\/2_DSC_5785.jpg\">\n                            <picture class=\"w-full \">\n                                \n                                <source\n                                    srcset=\"\n                                                                                            https:\/\/finnmaster.fi\/app\/uploads\/sites\/4\/2025\/04\/2_DSC_5785-150x150.jpg 150w,\n                                                                                            https:\/\/finnmaster.fi\/app\/uploads\/sites\/4\/2025\/04\/2_DSC_5785-300x200.jpg 300w,\n                                                                                            https:\/\/finnmaster.fi\/app\/uploads\/sites\/4\/2025\/04\/2_DSC_5785-768x512.jpg 768w,\n                                                                                            https:\/\/finnmaster.fi\/app\/uploads\/sites\/4\/2025\/04\/2_DSC_5785-1024x683.jpg 1024w,\n                                                                                            https:\/\/finnmaster.fi\/app\/uploads\/sites\/4\/2025\/04\/2_DSC_5785-1536x1024.jpg 1536w,\n                                                                                            https:\/\/finnmaster.fi\/app\/uploads\/sites\/4\/2025\/04\/2_DSC_5785.jpg 2048w,\n                                                                                    \"\n                                \/>\n                                <img decoding=\"async\" class=\"aspect-square w-full object-cover\" src=\"https:\/\/finnmaster.fi\/app\/uploads\/sites\/4\/2025\/04\/2_DSC_5785.jpg\" alt=\"\" \/>\n                            <\/picture>\n                        <\/a>\n                <\/div>\n                            <div class=\"swiper-slide\">\n                        <a href=\"https:\/\/finnmaster.fi\/app\/uploads\/sites\/4\/2025\/04\/3_DSC_5858.jpg\">\n                            <picture class=\"w-full \">\n                                \n                                <source\n                                    srcset=\"\n                                                                                            https:\/\/finnmaster.fi\/app\/uploads\/sites\/4\/2025\/04\/3_DSC_5858-150x150.jpg 150w,\n                                                                                            https:\/\/finnmaster.fi\/app\/uploads\/sites\/4\/2025\/04\/3_DSC_5858-300x224.jpg 300w,\n                                                                                            https:\/\/finnmaster.fi\/app\/uploads\/sites\/4\/2025\/04\/3_DSC_5858-768x574.jpg 768w,\n                                                                                            https:\/\/finnmaster.fi\/app\/uploads\/sites\/4\/2025\/04\/3_DSC_5858-1024x765.jpg 1024w,\n                                                                                            https:\/\/finnmaster.fi\/app\/uploads\/sites\/4\/2025\/04\/3_DSC_5858-1536x1148.jpg 1536w,\n                                                                                            https:\/\/finnmaster.fi\/app\/uploads\/sites\/4\/2025\/04\/3_DSC_5858.jpg 2048w,\n                                                                                    \"\n                                \/>\n                                <img decoding=\"async\" class=\"aspect-square w-full object-cover\" src=\"https:\/\/finnmaster.fi\/app\/uploads\/sites\/4\/2025\/04\/3_DSC_5858.jpg\" alt=\"\" \/>\n                            <\/picture>\n                        <\/a>\n                <\/div>\n            \n        <\/div>\n\n\n    <\/div>\n<\/div>\n\n<div class=\"w-11\/12 mx-auto relative mb-36 lg:mb-0\">\n    <div         class=\"!w-[calc(50%+1rem)] swiper-button-prev after:!content-none !justify-start   !text-white bg-custom-dark pl-8 md:-mr-6 hover:bg-custom-orange transition-colors\"\n        style=\"\n        clip-path:polygon(0 0,100% 0,100% calc(100% - 57px),0 100%);\n        -webkit-clip-path: polygon(0 0,100% 0,calc(100% - 57px) 100%,0 100%);\"\n    ><svg xmlns=\"http:\/\/www.w3.org\/2000\/svg\" fill=\"none\" viewBox=\"0 0 24 24\" stroke-width=\"1.5\" stroke=\"currentColor\" class=\"w-8 h-8\">\n  <path stroke-linecap=\"round\" stroke-linejoin=\"round\" d=\"M6.75 15.75 3 12m0 0 3.75-3.75M3 12h18\" \/>\n<\/svg>\n<\/div>\n\n    <div         class=\"!w-[calc(50%+1rem)] swiper-button-next after:!content-none !justify-end  !text-white bg-custom-dark pr-8 hover:bg-custom-orange transition-colors\"\n        style=\"\n            clip-path:polygon(57px 0,100% 0,100% 100%,0 100%);\n            -webkit-clip-path: polygon(57px 0,100% 0,100% 100%,0 100%);\"\n    ><svg xmlns=\"http:\/\/www.w3.org\/2000\/svg\" fill=\"none\" viewBox=\"0 0 24 24\" stroke-width=\"1.5\" stroke=\"currentColor\" class=\"w-8 h-8\">\n  <path stroke-linecap=\"round\" stroke-linejoin=\"round\" d=\"M17.25 8.25 21 12m0 0-3.75 3.75M21 12H3\" \/>\n<\/svg>\n<\/div>\n<\/div>\n\n\n<div  class=\"TextFiftyFifty wrap my-8 lg:my-16\">\n    <div class=\"flex flex-col lg:flex-row\">\n                    <div class=\"w-full lg:w-1\/2\">\n                                    <div class=\"Title h2 font-normal mb-6 lg:mb-0 w-10\/12\">Vaikuttava suorituskyky<\/div>\n                            <\/div>\n                    <div class=\"w-full lg:w-1\/2\">\n                                    <div class=\"Text p text-custom-dark\"><p>Koe vauhdin hurma ja t\u00e4ysi hallittavuus \u2013 dynaamisesti muotoiltu runko leikkaa aallot pehme\u00e4sti, tarjoten ensiluokkaisen ajokokemuksen.<\/p>\n<\/div>\n                            <\/div>\n            <\/div>\n<\/div>\n\n\n<div  class=\"TextFiftyFifty wrap my-8 lg:my-16\">\n    <div class=\"flex flex-col lg:flex-row\">\n                    <div class=\"w-full lg:w-1\/2\">\n                                    <div class=\"Title h2 font-normal mb-6 lg:mb-0 w-10\/12\">Kes\u00e4inen tuulahdus<\/div>\n                            <\/div>\n                    <div class=\"w-full lg:w-1\/2\">\n                                    <div class=\"Text p text-custom-dark\"><p>Avarat sis\u00e4- ja ulkotilat sohvaryhmineen ja baarikeitti\u00f6ineen soveltuvat t\u00e4ydellisesti vieraiden kestitykseen. Nauti kes\u00e4isest\u00e4 tuulahduksesta avaamalla salongin ja avotilan liukuovet ja s\u00e4hk\u00f6iset kattoluukut.<\/p>\n<\/div>\n                            <\/div>\n            <\/div>\n<\/div>\n\n\n<div  class=\"TextFiftyFifty wrap my-8 lg:my-16\">\n    <div class=\"flex flex-col lg:flex-row\">\n                    <div class=\"w-full lg:w-1\/2\">\n                                    <div class=\"Title h2 font-normal mb-6 lg:mb-0 w-10\/12\">Kaikki omilla paikoillaan<\/div>\n                            <\/div>\n                    <div class=\"w-full lg:w-1\/2\">\n                                    <div class=\"Text p text-custom-dark\"><p>Tilavat sis\u00e4tilat ja niiden k\u00e4yt\u00e4nn\u00f6llisyys tekev\u00e4t el\u00e4m\u00e4st\u00e4 vesill\u00e4 vaivatonta ja viihtyis\u00e4\u00e4.<\/p>\n<\/div>\n                            <\/div>\n            <\/div>\n<\/div>\n","protected":false},"parent":0,"menu_order":50,"template":"","product-type":[36],"class_list":["post-12243","product","type-product","status-publish","hentry","product-type-25-s"],"acf":[],"_links":{"self":[{"href":"https:\/\/grandezza.fi\/fi\/wp-json\/wp\/v2\/product\/12243","targetHints":{"allow":["GET"]}}],"collection":[{"href":"https:\/\/grandezza.fi\/fi\/wp-json\/wp\/v2\/product"}],"about":[{"href":"https:\/\/grandezza.fi\/fi\/wp-json\/wp\/v2\/types\/product"}],"wp:attachment":[{"href":"https:\/\/grandezza.fi\/fi\/wp-json\/wp\/v2\/media?parent=12243"}],"wp:term":[{"taxonomy":"product-type","embeddable":true,"href":"https:\/\/grandezza.fi\/fi\/wp-json\/wp\/v2\/product-type?post=12243"}],"curies":[{"name":"wp","href":"https:\/\/api.w.org\/{rel}","templated":true}]}}