{"id":10863,"date":"2025-08-01T08:52:00","date_gmt":"2025-08-01T05:52:00","guid":{"rendered":"https:\/\/grandezza.fi\/?post_type=product&#038;p=10863"},"modified":"2025-12-16T14:49:56","modified_gmt":"2025-12-16T12:49:56","slug":"30-outboard","status":"publish","type":"product","link":"https:\/\/grandezza.fi\/fi\/fleet\/30-outboard\/","title":{"rendered":"30 Outboard"},"content":{"rendered":"<div id=\"Yleiskatsaus\" class=\"TextFiftyFifty wrap my-8 lg:my-16\">\n    <div class=\"flex flex-col lg:flex-row\">\n                    <div class=\"w-full lg:w-1\/2\">\n                                    <div class=\"Title h2 font-normal mb-6 lg:mb-0 w-10\/12\">Seikkailu odottaa<\/div>\n                            <\/div>\n                    <div class=\"w-full lg:w-1\/2\">\n                                    <div class=\"Text p text-custom-dark\"><p>Uusi Grandezza 30 Outboard sopii loistavasti niin viikonlopun retkille kuin pidemmillekin matkoille. T\u00e4m\u00e4 urheilullinen matkavene tarjoaa huippuluokan tilat, mukavuudet sek\u00e4 varustelutason, jotka on maksimoitu kattamaan vaativimpienkin veneilij\u00f6iden tarpeet.<\/p>\n<p>&nbsp;<\/p>\n<\/div>\n                            <\/div>\n            <\/div>\n<\/div>\n\n\n<div class=\"Image flex my-12 w-full wrap_xl\" >\n    <picture class=\"w-full \">\n        \n        <source\n            srcset=\"\n                                            https:\/\/finnmaster.fi\/app\/uploads\/sites\/4\/2025\/01\/Grandezza-30OB_side-1-150x150.png 150w,\n                                            https:\/\/finnmaster.fi\/app\/uploads\/sites\/4\/2025\/01\/Grandezza-30OB_side-1-300x169.png 300w,\n                                            https:\/\/finnmaster.fi\/app\/uploads\/sites\/4\/2025\/01\/Grandezza-30OB_side-1-768x431.png 768w,\n                                            https:\/\/finnmaster.fi\/app\/uploads\/sites\/4\/2025\/01\/Grandezza-30OB_side-1-1024x575.png 1024w,\n                                            https:\/\/finnmaster.fi\/app\/uploads\/sites\/4\/2025\/01\/Grandezza-30OB_side-1.png 1280w,\n                                            https:\/\/finnmaster.fi\/app\/uploads\/sites\/4\/2025\/01\/Grandezza-30OB_side-1.png 1280w,\n                                    \"\n        \/>\n        <img decoding=\"async\" class=\"lg:w-7\/12 mx-auto object-cover\" src=\"https:\/\/finnmaster.fi\/app\/uploads\/sites\/4\/2025\/01\/Grandezza-30OB_side-1.png\" alt=\"\" \/>\n    <\/picture>\n<\/div>\n\n\n<div class=\"ThreeImages flex my-20 mt-40\" >\n    <div class=\"threeImage-swiper mx-auto relative overflow-hidden\">\n        <div class=\"swiper-wrapper !h-auto\">\n\n                            <div class=\"swiper-slide\">\n                        <a href=\"https:\/\/finnmaster.fi\/app\/uploads\/sites\/4\/2024\/12\/F11_DSC_8692-scaled-1.jpg\">\n                            <picture class=\"w-full \">\n                                \n                                <source\n                                    srcset=\"\n                                                                                            https:\/\/finnmaster.fi\/app\/uploads\/sites\/4\/2024\/12\/F11_DSC_8692-scaled-1-150x150.jpg 150w,\n                                                                                            https:\/\/finnmaster.fi\/app\/uploads\/sites\/4\/2024\/12\/F11_DSC_8692-scaled-1-300x200.jpg 300w,\n                                                                                            https:\/\/finnmaster.fi\/app\/uploads\/sites\/4\/2024\/12\/F11_DSC_8692-scaled-1-768x512.jpg 768w,\n                                                                                            https:\/\/finnmaster.fi\/app\/uploads\/sites\/4\/2024\/12\/F11_DSC_8692-scaled-1-1024x683.jpg 1024w,\n                                                                                            https:\/\/finnmaster.fi\/app\/uploads\/sites\/4\/2024\/12\/F11_DSC_8692-scaled-1-1536x1024.jpg 1536w,\n                                                                                            https:\/\/finnmaster.fi\/app\/uploads\/sites\/4\/2024\/12\/F11_DSC_8692-scaled-1-2048x1366.jpg 2048w,\n                                                                                    \"\n                                \/>\n                                <img decoding=\"async\" class=\"aspect-square w-full object-cover\" src=\"https:\/\/finnmaster.fi\/app\/uploads\/sites\/4\/2024\/12\/F11_DSC_8692-scaled-1.jpg\" alt=\"\" \/>\n                            <\/picture>\n                        <\/a>\n                <\/div>\n                            <div class=\"swiper-slide\">\n                        <a href=\"https:\/\/finnmaster.fi\/app\/uploads\/sites\/4\/2024\/12\/F11_interior-scaled-1.jpg\">\n                            <picture class=\"w-full \">\n                                \n                                <source\n                                    srcset=\"\n                                                                                            https:\/\/finnmaster.fi\/app\/uploads\/sites\/4\/2024\/12\/F11_interior-scaled-1-150x150.jpg 150w,\n                                                                                            https:\/\/finnmaster.fi\/app\/uploads\/sites\/4\/2024\/12\/F11_interior-scaled-1-300x213.jpg 300w,\n                                                                                            https:\/\/finnmaster.fi\/app\/uploads\/sites\/4\/2024\/12\/F11_interior-scaled-1-768x546.jpg 768w,\n                                                                                            https:\/\/finnmaster.fi\/app\/uploads\/sites\/4\/2024\/12\/F11_interior-scaled-1-1024x728.jpg 1024w,\n                                                                                            https:\/\/finnmaster.fi\/app\/uploads\/sites\/4\/2024\/12\/F11_interior-scaled-1-1536x1092.jpg 1536w,\n                                                                                            https:\/\/finnmaster.fi\/app\/uploads\/sites\/4\/2024\/12\/F11_interior-scaled-1-2048x1456.jpg 2048w,\n                                                                                    \"\n                                \/>\n                                <img decoding=\"async\" class=\"aspect-square w-full object-cover\" src=\"https:\/\/finnmaster.fi\/app\/uploads\/sites\/4\/2024\/12\/F11_interior-scaled-1.jpg\" alt=\"\" \/>\n                            <\/picture>\n                        <\/a>\n                <\/div>\n                            <div class=\"swiper-slide\">\n                        <a href=\"https:\/\/finnmaster.fi\/app\/uploads\/sites\/4\/2024\/12\/F11_DSC_8558-scaled-1.jpg\">\n                            <picture class=\"w-full \">\n                                \n                                <source\n                                    srcset=\"\n                                                                                            https:\/\/finnmaster.fi\/app\/uploads\/sites\/4\/2024\/12\/F11_DSC_8558-scaled-1-150x150.jpg 150w,\n                                                                                            https:\/\/finnmaster.fi\/app\/uploads\/sites\/4\/2024\/12\/F11_DSC_8558-scaled-1-300x200.jpg 300w,\n                                                                                            https:\/\/finnmaster.fi\/app\/uploads\/sites\/4\/2024\/12\/F11_DSC_8558-scaled-1-768x512.jpg 768w,\n                                                                                            https:\/\/finnmaster.fi\/app\/uploads\/sites\/4\/2024\/12\/F11_DSC_8558-scaled-1-1024x683.jpg 1024w,\n                                                                                            https:\/\/finnmaster.fi\/app\/uploads\/sites\/4\/2024\/12\/F11_DSC_8558-scaled-1-1536x1024.jpg 1536w,\n                                                                                            https:\/\/finnmaster.fi\/app\/uploads\/sites\/4\/2024\/12\/F11_DSC_8558-scaled-1-2048x1366.jpg 2048w,\n                                                                                    \"\n                                \/>\n                                <img decoding=\"async\" class=\"aspect-square w-full object-cover\" src=\"https:\/\/finnmaster.fi\/app\/uploads\/sites\/4\/2024\/12\/F11_DSC_8558-scaled-1.jpg\" alt=\"\" \/>\n                            <\/picture>\n                        <\/a>\n                <\/div>\n            \n        <\/div>\n\n\n    <\/div>\n<\/div>\n\n<div class=\"w-11\/12 mx-auto relative mb-36 lg:mb-0\">\n    <div         class=\"!w-[calc(50%+1rem)] swiper-button-prev after:!content-none !justify-start   !text-white bg-custom-dark pl-8 md:-mr-6 hover:bg-custom-orange transition-colors\"\n        style=\"\n        clip-path:polygon(0 0,100% 0,100% calc(100% - 57px),0 100%);\n        -webkit-clip-path: polygon(0 0,100% 0,calc(100% - 57px) 100%,0 100%);\"\n    ><svg xmlns=\"http:\/\/www.w3.org\/2000\/svg\" fill=\"none\" viewBox=\"0 0 24 24\" stroke-width=\"1.5\" stroke=\"currentColor\" class=\"w-8 h-8\">\n  <path stroke-linecap=\"round\" stroke-linejoin=\"round\" d=\"M6.75 15.75 3 12m0 0 3.75-3.75M3 12h18\" \/>\n<\/svg>\n<\/div>\n\n    <div         class=\"!w-[calc(50%+1rem)] swiper-button-next after:!content-none !justify-end  !text-white bg-custom-dark pr-8 hover:bg-custom-orange transition-colors\"\n        style=\"\n            clip-path:polygon(57px 0,100% 0,100% 100%,0 100%);\n            -webkit-clip-path: polygon(57px 0,100% 0,100% 100%,0 100%);\"\n    ><svg xmlns=\"http:\/\/www.w3.org\/2000\/svg\" fill=\"none\" viewBox=\"0 0 24 24\" stroke-width=\"1.5\" stroke=\"currentColor\" class=\"w-8 h-8\">\n  <path stroke-linecap=\"round\" stroke-linejoin=\"round\" d=\"M17.25 8.25 21 12m0 0-3.75 3.75M21 12H3\" \/>\n<\/svg>\n<\/div>\n<\/div>\n\n\n<div  class=\"TextFiftyFifty wrap my-8 lg:my-16\">\n    <div class=\"flex flex-col lg:flex-row\">\n                    <div class=\"w-full lg:w-1\/2\">\n                                    <div class=\"Title h2 font-normal mb-6 lg:mb-0 w-10\/12\">Iloa veneilyyn<\/div>\n                            <\/div>\n                    <div class=\"w-full lg:w-1\/2\">\n                                    <div class=\"Text p text-custom-dark\"><p>Veneen huipputason suorituskyky ja ajettavuus on hiottu \u00e4\u00e4rimmilleen tarjoten t\u00e4ydellisen ajonautinnon.<\/p>\n<\/div>\n                            <\/div>\n            <\/div>\n<\/div>\n\n\n<div  class=\"TextFiftyFifty wrap my-8 lg:my-16\">\n    <div class=\"flex flex-col lg:flex-row\">\n                    <div class=\"w-full lg:w-1\/2\">\n                                    <div class=\"Title h2 font-normal mb-6 lg:mb-0 w-10\/12\">Viihdy vesill\u00e4<\/div>\n                            <\/div>\n                    <div class=\"w-full lg:w-1\/2\">\n                                    <div class=\"Text p text-custom-dark\"><p>Suuret oleskelutilat luovat kodikkaan tunnelman vieraiden kanssa vietett\u00e4v\u00e4\u00e4n iltaan. L\u00e4mpim\u00e4ll\u00e4 s\u00e4\u00e4ll\u00e4 voit kokeilla mukavaa aurinkotasoa keulakannella.<\/p>\n<\/div>\n                            <\/div>\n            <\/div>\n<\/div>\n\n\n<div  class=\"TextFiftyFifty wrap my-8 lg:my-16\">\n    <div class=\"flex flex-col lg:flex-row\">\n                    <div class=\"w-full lg:w-1\/2\">\n                                    <div class=\"Title h2 font-normal mb-6 lg:mb-0 w-10\/12\">Mukavaan oleskeluun<\/div>\n                            <\/div>\n                    <div class=\"w-full lg:w-1\/2\">\n                                    <div class=\"Text p text-custom-dark\"><p>Suuret runkoikkunat upeilla panoraman\u00e4kymill\u00e4 tuovat runsaasti luonnonvaloa kabiiniin. T\u00e4ss\u00e4 veneess\u00e4 rentoudut turvallisesti ja tyylikk\u00e4\u00e4sti.<\/p>\n<\/div>\n                            <\/div>\n            <\/div>\n<\/div>\n","protected":false},"parent":0,"menu_order":30,"template":"","product-type":[36],"class_list":["post-10863","product","type-product","status-publish","hentry","product-type-25-s"],"acf":[],"_links":{"self":[{"href":"https:\/\/grandezza.fi\/fi\/wp-json\/wp\/v2\/product\/10863","targetHints":{"allow":["GET"]}}],"collection":[{"href":"https:\/\/grandezza.fi\/fi\/wp-json\/wp\/v2\/product"}],"about":[{"href":"https:\/\/grandezza.fi\/fi\/wp-json\/wp\/v2\/types\/product"}],"wp:attachment":[{"href":"https:\/\/grandezza.fi\/fi\/wp-json\/wp\/v2\/media?parent=10863"}],"wp:term":[{"taxonomy":"product-type","embeddable":true,"href":"https:\/\/grandezza.fi\/fi\/wp-json\/wp\/v2\/product-type?post=10863"}],"curies":[{"name":"wp","href":"https:\/\/api.w.org\/{rel}","templated":true}]}}