{"id":1526,"date":"2024-03-05T11:32:03","date_gmt":"2024-03-05T09:32:03","guid":{"rendered":"https:\/\/grandezza.finnmaster.fi\/?page_id=1526"},"modified":"2024-05-28T10:01:58","modified_gmt":"2024-05-28T07:01:58","slug":"about","status":"publish","type":"page","link":"https:\/\/grandezza.fi\/fi\/about\/","title":{"rendered":"Meist\u00e4"},"content":{"rendered":"<div class=\"antiwrap\" >\n    <div class=\"HeroCarousel relative w-full h-[90vh] lg:h-[90vh] max-h-[1670px]\" >\n    <div class=\"absolute left-0 right-0 bottom-0 top-0\">\n\n        <!-- Slider main container -->\n        <div class=\"swiper  relative\">\n\n            <!-- Additional required wrapper -->\n            <div class=\"swiper-wrapper\">\n                                \n                    <div class=\"swiper-slide\">\n                                                                                                            <video muted=\"muted\" playsinline=\"\" loop=\"loop\" class=\"h-full w-full object-cover\">\n                                <source src=\"https:\/\/finnmaster.fi\/app\/uploads\/sites\/4\/2024\/03\/Finnmaster-Company-Presentation-1.mp4\" type=\"video\/mp4\">\n\n                            <\/video>\n\n                                                            <div class=\"absolute px-4 md:pl-20 bottom-[10%] lg:w-1\/2\">\n                                    <div class=\"Title text-3xl lg:text-5xl xl:text-6xl 2xl:text-8xl font-primaryBold text-white\">Ikimuistoisiin hetkiin<\/div>\n                                    <div class=\"Text p-small lg:text-defa !text-white\"><p>Intohimomme on el\u00e4m\u00e4 merell\u00e4. Grandezzalta sinulle, meren l\u00e4heisyydess\u00e4 rakennettu.<\/p>\n<\/div>\n                                <\/div>\n                                                                        <\/div>\n\n                                <div class=\"absolute left-0 right-0 top-0 bottom-0 bg-black opacity-15\"><\/div>\n            <\/div>\n                                        <div onclick=\"document.querySelector('video').play(); window.heroSwiper.autoplay.stop();\"\n                    class=\"WatchVideo-js cursor-pointer\n                        BottomRightCorner w-full lg: pl-10 lg:w-72 lg:h-[5.8rem] absolute left-0 lg:left-[unset] right-0 bottom-0 z-40 bg-custom-orange flex justify-center items-center\n                \"\n                                style=\"clip-path: url(#left-L);\"\n                                >\n                    <div class=\"h4 py-2 z-10 relative lg:-ml-5 font-bold text-white\"><span class=\"WatchVideoText-js\" >Katso video<\/span><\/div>\n                    <div class=\"bg-custom-orange -skew-x-[20deg] absolute -left-12 w-20 top-0 bottom-0\"><\/div>\n                <\/div>\n                        <!-- If we need pagination -->\n            \n            <!-- If we need navigation buttons -->\n            \n            <!-- If we need scrollbar -->\n            <div class=\"swiper-scrollbar\"><\/div>\n\n            \n        <\/div>\n    <\/div>\n<\/div>\n\n\n<\/div>\n\n\n<div  class=\"TextFiftyFifty wrap my-8 lg:my-16\">\n    <div class=\"flex flex-col lg:flex-row\">\n                    <div class=\"w-full lg:w-1\/2\">\n                                    <div class=\"Title h2 font-normal mb-6 lg:mb-0 w-10\/12\">Meren l\u00e4heisyydest\u00e4<\/div>\n                            <\/div>\n                    <div class=\"w-full lg:w-1\/2\">\n                                    <div class=\"Text p text-custom-dark\"><p>Grandezza-veneet rakennetaan Pohjanlahden rannikolla Kokkolassa ja Kalajoella. Olemme ylpeit\u00e4 siit\u00e4, ett\u00e4 toimintamme on osa seutumme vahvaa veneenrakennus- ja merenk\u00e4yntiperinnett\u00e4. Kaikki veneemme suunnitellaan ja rakennetaan kolmella modernilla venetehtaallamme.<\/p>\n<p>Suomen l\u00e4nsirannikkoa pidet\u00e4\u00e4n suomalaisen veneenrakennusperinteen syntypaikkana. Viel\u00e4 t\u00e4n\u00e4kin p\u00e4iv\u00e4n\u00e4 suurin osa Suomen veneenrakennusteollisuudesta toimii t\u00e4ll\u00e4 alueella. T\u00e4m\u00e4 ikivanha taitoperinne n\u00e4kyy veneenrakentajiemme ammattitaidossa ja kunnianhimossa ty\u00f6t\u00e4\u00e4n kohtaan, mist\u00e4 syntyy Grandezza-veneiden tinkim\u00e4t\u00f6n laatu ja viimeistely.<\/p>\n<p>Kesytt\u00e4m\u00e4tt\u00f6m\u00e4n meren l\u00e4heisyys sek\u00e4 pohjoisen saariston vaihtelevat olosuhteet ovat asettaneet Grandezza-veneiden laadulle ja k\u00e4ytt\u00f6mukavuudelle korkeat vaatimukset. Vuodenaikojen ja s\u00e4\u00e4olosuhteiden vaihtelut toimivat luonnollisena ja vaativana testaus- ja kehitysymp\u00e4rist\u00f6n\u00e4 veneillemme. Haastavien testausolosuhteidemme ansiosta jokainen Grandezza-vene on suunniteltu ja rakennettu tarjoamaan asiakkaillemme viihtyisi\u00e4 ja unohtumattomia hetki\u00e4 merell\u00e4 &#8211; satoi tai paistoi.<\/p>\n<\/div>\n                            <\/div>\n            <\/div>\n<\/div>\n\n\n<div class=\"Image flex my-12 w-full antiwrap_full\" >\n    <picture class=\"w-full \">\n        \n        <source\n            srcset=\"\n                                            https:\/\/finnmaster.fi\/app\/uploads\/sites\/4\/2024\/04\/Grandezza_OS1C8436-2048x1365-1-150x150.jpg 150w,\n                                            https:\/\/finnmaster.fi\/app\/uploads\/sites\/4\/2024\/04\/Grandezza_OS1C8436-2048x1365-1-300x98.jpg 300w,\n                                            https:\/\/finnmaster.fi\/app\/uploads\/sites\/4\/2024\/04\/Grandezza_OS1C8436-2048x1365-1-768x252.jpg 768w,\n                                            https:\/\/finnmaster.fi\/app\/uploads\/sites\/4\/2024\/04\/Grandezza_OS1C8436-2048x1365-1-1024x335.jpg 1024w,\n                                            https:\/\/finnmaster.fi\/app\/uploads\/sites\/4\/2024\/04\/Grandezza_OS1C8436-2048x1365-1.jpg 1536w,\n                                            https:\/\/finnmaster.fi\/app\/uploads\/sites\/4\/2024\/04\/Grandezza_OS1C8436-2048x1365-1.jpg 1536w,\n                                    \"\n        \/>\n        <img decoding=\"async\" class=\"w-full mx-auto object-cover\" src=\"https:\/\/finnmaster.fi\/app\/uploads\/sites\/4\/2024\/04\/Grandezza_OS1C8436-2048x1365-1.jpg\" alt=\"\" \/>\n    <\/picture>\n<\/div>\n\n\n<div  class=\"TextFiftyFifty wrap my-8 lg:my-16\">\n    <div class=\"flex flex-col lg:flex-row\">\n                    <div class=\"w-full lg:w-1\/2\">\n                                    <div class=\"Title h2 font-normal mb-6 lg:mb-0 w-10\/12\">T\u00e4ydellisiin hetkiin<\/div>\n                            <\/div>\n                    <div class=\"w-full lg:w-1\/2\">\n                                    <div class=\"Text p text-custom-dark\"><p>K\u00e4yt\u00e4mme paljon aikaa t\u00e4ydellisyyden suunnittelemiseen; mietimme kuinka omistajat kokevat veneens\u00e4, ajotuntumaa ja ohjattavuutta eri olosuhteissa, kuinka perhe ja vieraat voivat nauttia ajastaan veneell\u00e4, milt\u00e4 tuntuu her\u00e4t\u00e4 kabiinissa \u2013 ja paljon muuta. Kaikki n\u00e4m\u00e4 tekij\u00e4t yhdess\u00e4 luovat aidosti unohtumattomia hetki\u00e4 merell\u00e4.<\/p>\n<p>Suunnittelufilosofiamme pohjautuu kattavaan kokemukseemme aktiivisina veneilij\u00f6in\u00e4 sek\u00e4 jatkuvaan asiakaspalautteen kuunteluun. Asiakkaidemme palautteet, tarinat, kokemukset ja ehdotukset auttavat meit\u00e4 viem\u00e4\u00e4n kehityst\u00e4mme yh\u00e4 korkeammalle tasolle. Kaikki t\u00e4m\u00e4 yhdistettyn\u00e4 laajaan kokemuspohjaamme, sek\u00e4 uusimpaan tekniikkaan ja huippuluokan materiaaleihin ja komponentteihin varmistaa, ett\u00e4 veneemme rakennetaan laadusta tinkim\u00e4tt\u00e4.<\/p>\n<p>Pohjoisen vaativat olosuhteet asettavat laadun, k\u00e4yt\u00e4nn\u00f6llisyyden ja turvallisuuden jokaisen suunnitteluratkaisumme ytimeen. Ulko- ja sis\u00e4tilat on suunniteltu helppok\u00e4ytt\u00f6isyytt\u00e4 ja mukavuutta ajatellen, jotta ne vastaavat jopa kaikkein vaativimpien veneen omistajien tarpeisiin. Olipa kyseess\u00e4 sitten rungon ominaisuudet, houkuttelevan salongin mukavuudet tai kabiinin runsaat s\u00e4ilytystilat, joka ikinen yksityiskohta on huolella suunniteltu varmistamaan t\u00e4ydelliset hetket merell\u00e4.<\/p>\n<\/div>\n                            <\/div>\n            <\/div>\n<\/div>\n\n\n<div  class=\"ImageLinkBox wrap my-8 lg:my-16 w-full flex flex-col lg:flex-row relative gap-4\">\n    <div class=\"lg:w-[60%] relative aspect-video lg:aspect-auto\">\n        <picture class=\"absolute left-0 right-0 bottom-0 top-0 w-full \">\n            \n            <source\n                srcset=\"\n                                                    https:\/\/finnmaster.fi\/app\/uploads\/sites\/4\/2024\/03\/Grandezza-25-S_DJI_0513-2048-1364-150x150.jpg 150w,\n                                                    https:\/\/finnmaster.fi\/app\/uploads\/sites\/4\/2024\/03\/Grandezza-25-S_DJI_0513-2048-1364-300x200.jpg 300w,\n                                                    https:\/\/finnmaster.fi\/app\/uploads\/sites\/4\/2024\/03\/Grandezza-25-S_DJI_0513-2048-1364-768x512.jpg 768w,\n                                                    https:\/\/finnmaster.fi\/app\/uploads\/sites\/4\/2024\/03\/Grandezza-25-S_DJI_0513-2048-1364-1024x682.jpg 1024w,\n                                                    https:\/\/finnmaster.fi\/app\/uploads\/sites\/4\/2024\/03\/Grandezza-25-S_DJI_0513-2048-1364-1536x1023.jpg 1536w,\n                                                    https:\/\/finnmaster.fi\/app\/uploads\/sites\/4\/2024\/03\/Grandezza-25-S_DJI_0513-2048-1364.jpg 2048w,\n                                            \"\n            \/>\n            <img decoding=\"async\" class=\"object-cover w-full h-full\" src=\"https:\/\/finnmaster.fi\/app\/uploads\/sites\/4\/2024\/03\/Grandezza-25-S_DJI_0513-2048-1364.jpg\" alt=\"\" \/>\n        <\/picture>\n    <\/div>\n\n    <div class=\"Box block w-full lg:w-[40%] relative aspect-square \">\n        <div\n            class=\"flex flex-col justify-between w-full p-10 min-h-[25rem] h-full\"\n            style=\"\n                clip-path:polygon(0 0,calc(100% - 64px) 0,100% 64px, 100% 0,100% 100%,0 100%);\n                -webkit-clip-path: polygon(0 0,calc(100% - 64px) 0,100% 64px, 100% 0,100% 100%,0 100%);\"\n        >\n            <div class=\"flex flex-col justify-between z-10  w-full h-full\">\n                <div class=\"\">\n                    <div class=\"Title h3 text-white\">Astu sis\u00e4\u00e4n ja nauti unohtumattomista hetkist\u00e4 merell\u00e4.<\/div>\n                <\/div>\n                <div\n                    class=\"w-auto bg-custom-dark absolute right-0 bottom-0 pl-16 pr-8 py-4\"\n                    style=\"\n                    clip-path:polygon(0 100%,20% 0,100% 0, 100% 0,100% 100%,0 100%);\n                    -webkit-clip-path: polygon(0 100%,20% 0,100% 0, 100% 0,100% 100%,0 100%);\"\n                >\n                    <a\n    href=\"https:\/\/grandezza.fi\/fi\/fleet\/\"\n    alt=\"\"\n    target=\"\"\n    class=\"text-link hover:text-link-hover font-bold p-small flex items-center group relative \"\n>\n    <span class=\" font-bold pr-12 text-base  text-white\">Tutustu veneisiin<\/span>\n        <span class=\"absolute right-0  mr-2 group-hover:-mr-0 transition-all text-custom-orange\"><svg xmlns=\"http:\/\/www.w3.org\/2000\/svg\" fill=\"none\" viewBox=\"0 0 24 24\" stroke-width=\"1.5\" stroke=\"currentColor\" class=\"w-8 h-8\">\n  <path stroke-linecap=\"round\" stroke-linejoin=\"round\" d=\"M17.25 8.25 21 12m0 0-3.75 3.75M21 12H3\" \/>\n<\/svg>\n<\/span>\n    <\/a>\n                <\/div>\n            <\/div>\n            <picture class=\"aspect-square\">\n                \n                <source\n                    srcset=\"\n                                                            https:\/\/finnmaster.fi\/app\/uploads\/sites\/4\/2024\/04\/Grandezza-28oc-2020_101-150x150.jpg 150w,\n                                                            https:\/\/finnmaster.fi\/app\/uploads\/sites\/4\/2024\/04\/Grandezza-28oc-2020_101-300x300.jpg 300w,\n                                                            https:\/\/finnmaster.fi\/app\/uploads\/sites\/4\/2024\/04\/Grandezza-28oc-2020_101-768x768.jpg 768w,\n                                                            https:\/\/finnmaster.fi\/app\/uploads\/sites\/4\/2024\/04\/Grandezza-28oc-2020_101-1024x1024.jpg 1024w,\n                                                            https:\/\/finnmaster.fi\/app\/uploads\/sites\/4\/2024\/04\/Grandezza-28oc-2020_101.jpg 1080w,\n                                                            https:\/\/finnmaster.fi\/app\/uploads\/sites\/4\/2024\/04\/Grandezza-28oc-2020_101.jpg 1080w,\n                                                    \"\n                \/>\n                <img decoding=\"async\" class=\"h-full w-full object-cover absolute top-0 left-0 bottom-0 right-0\" src=\"https:\/\/finnmaster.fi\/app\/uploads\/sites\/4\/2024\/04\/Grandezza-28oc-2020_101.jpg\" alt=\"\" \/>\n            <\/picture>\n                        <span class=\"absolute left-0 right-0 bottom-0 top-0 block bg-custom-orange opacity-75\" ><\/span>\n        <\/div>\n    <\/div>\n<\/div>\n\n\n<div  class=\"TextFiftyFifty wrap my-8 lg:my-16\">\n    <div class=\"flex flex-col lg:flex-row\">\n                    <div class=\"w-full lg:w-1\/2\">\n                                    <div class=\"Title h2 font-normal mb-6 lg:mb-0 w-10\/12\">Tunteesta toteutukseen<\/div>\n                            <\/div>\n                    <div class=\"w-full lg:w-1\/2\">\n                                    <div class=\"Text p text-custom-dark\"><p>Tasokkaan ty\u00f6n j\u00e4lki on venerakentajiemme ylpeydenaihe. Huolellinen suunnittelu ja k\u00e4sity\u00f6 yhdistettyn\u00e4 lukuisiin laaduntarkastuspisteisiin rakentamisen aikana varmistavat, ett\u00e4 jokainen Grandezza-vene on valmistettu korkeimpien laatuvaatimusten mukaisesti. Lyhyesti sanottuna: olemme aidosti omistautuneita toimittamaan asiakkaillemme t\u00e4ydellisi\u00e4 veneit\u00e4.<\/p>\n<p>Jokainen Grandezza on ainutlaatuinen yksil\u00f6 ja huolella valittujen osien, komponenttien ja materiaalien viimeistelty yhdistelm\u00e4. Vaadimme siksi kaikilta yhteisty\u00f6-kumppaneiltamme ja toimittajiltamme samaa tinkim\u00e4t\u00f6nt\u00e4 laadulle omistautumista. Kaikki veneiss\u00e4mme k\u00e4ytetyt materiaalit ja komponentit edustavat korkeinta mahdollista laatua. Ne valitaan huolella ja testataan perusteellisesti, jotta voimme varmasti tarjota asiakkaillemme kaikin tavoin hienoimpia mahdollisia kokemuksia aina pienimpi\u00e4 yksityiskohtia my\u00f6ten.<\/p>\n<p>Grandezza-veneiden omistajien t\u00e4ydellisen tyytyv\u00e4isyyden, mukavuuden ja turvallisuuden varmistamiseksi jokainen vene k\u00e4y l\u00e4pi yksityiskohtaisen testausohjelman ennen kuin se toimitetaan eteenp\u00e4in tehtaaltamme. T\u00e4m\u00e4n testauksen aikana jokainen yksityiskohta tarkistetaan kuntoon.<\/p>\n<p>N\u00e4m\u00e4 arvot ovat Grandezza laadun kulmakivi\u00e4. Ne tulevat suoraan venerakentajiemme ja suunnittelijoidemme syd\u00e4mist\u00e4 ja toteutetaan suurella tunteella ja intohimolla. Lopputuloksen voit n\u00e4hd\u00e4 n\u00e4ill\u00e4 sivuilla.<\/p>\n<\/div>\n                            <\/div>\n            <\/div>\n<\/div>\n\n\n<div class=\"Image flex my-12 w-full antiwrap_full\" >\n    <picture class=\"w-full \">\n        \n        <source\n            srcset=\"\n                                            https:\/\/finnmaster.fi\/app\/uploads\/sites\/4\/2024\/03\/41ecad-150x150.jpg 150w,\n                                            https:\/\/finnmaster.fi\/app\/uploads\/sites\/4\/2024\/03\/41ecad-300x98.jpg 300w,\n                                            https:\/\/finnmaster.fi\/app\/uploads\/sites\/4\/2024\/03\/41ecad-768x252.jpg 768w,\n                                            https:\/\/finnmaster.fi\/app\/uploads\/sites\/4\/2024\/03\/41ecad-1024x335.jpg 1024w,\n                                            https:\/\/finnmaster.fi\/app\/uploads\/sites\/4\/2024\/03\/41ecad-1536x503.jpg 1536w,\n                                            https:\/\/finnmaster.fi\/app\/uploads\/sites\/4\/2024\/03\/41ecad.jpg 1728w,\n                                    \"\n        \/>\n        <img decoding=\"async\" class=\"w-full mx-auto object-cover\" src=\"https:\/\/finnmaster.fi\/app\/uploads\/sites\/4\/2024\/03\/41ecad.jpg\" alt=\"Tunteesta toteutukseen\" \/>\n    <\/picture>\n<\/div>\n","protected":false},"excerpt":{"rendered":"","protected":false},"author":1,"featured_media":0,"parent":0,"menu_order":0,"comment_status":"closed","ping_status":"closed","template":"","meta":{"_acf_changed":false,"_improvement_type_select":"improve_an_existing","_thumb_yes_seoaic":false,"_frame_yes_seoaic":false,"seoaic_generate_description":"","seoaic_improve_instructions_prompt":"","seoaic_rollback_content_improvement":"","seoaic_idea_thumbnail_generator":"","thumbnail_generated":false,"thumbnail_generate_prompt":"","seoaic_article_description":"","footnotes":""},"class_list":["post-1526","page","type-page","status-publish","hentry"],"acf":[],"_links":{"self":[{"href":"https:\/\/grandezza.fi\/fi\/wp-json\/wp\/v2\/pages\/1526","targetHints":{"allow":["GET"]}}],"collection":[{"href":"https:\/\/grandezza.fi\/fi\/wp-json\/wp\/v2\/pages"}],"about":[{"href":"https:\/\/grandezza.fi\/fi\/wp-json\/wp\/v2\/types\/page"}],"author":[{"embeddable":true,"href":"https:\/\/grandezza.fi\/fi\/wp-json\/wp\/v2\/users\/1"}],"replies":[{"embeddable":true,"href":"https:\/\/grandezza.fi\/fi\/wp-json\/wp\/v2\/comments?post=1526"}],"version-history":[{"count":24,"href":"https:\/\/grandezza.fi\/fi\/wp-json\/wp\/v2\/pages\/1526\/revisions"}],"predecessor-version":[{"id":7460,"href":"https:\/\/grandezza.fi\/fi\/wp-json\/wp\/v2\/pages\/1526\/revisions\/7460"}],"wp:attachment":[{"href":"https:\/\/grandezza.fi\/fi\/wp-json\/wp\/v2\/media?parent=1526"}],"curies":[{"name":"wp","href":"https:\/\/api.w.org\/{rel}","templated":true}]}}